{"id":142,"date":"2025-03-19T16:36:59","date_gmt":"2025-03-19T15:36:59","guid":{"rendered":"https:\/\/www.cleanup-earth.com\/?page_id=142"},"modified":"2025-03-19T16:38:41","modified_gmt":"2025-03-19T15:38:41","slug":"landing-page","status":"publish","type":"page","link":"https:\/\/www.cleanup-earth.com\/en\/landing-page\/","title":{"rendered":"Landing page"},"content":{"rendered":"\n<div class=\"wp-block-cover alignfull is-light has-custom-content-position is-position-bottom-center banner-desktop\" style=\"margin-top:0;margin-bottom:0;padding-top:var(--wp--preset--spacing--50);padding-right:var(--wp--preset--spacing--50);padding-bottom:var(--wp--preset--spacing--50);padding-left:var(--wp--preset--spacing--50);min-height:650px;aspect-ratio:unset;\"><span aria-hidden=\"true\" class=\"wp-block-cover__background has-background-dim-10 has-background-dim\"><\/span><img loading=\"lazy\" decoding=\"async\" width=\"1917\" height=\"554\" class=\"wp-block-cover__image-background wp-image-210\" alt=\"\" src=\"https:\/\/www.cleanup-earth.com\/wp-content\/uploads\/2025\/03\/Banniere_Site002.png\" data-object-fit=\"cover\" srcset=\"https:\/\/www.cleanup-earth.com\/wp-content\/uploads\/2025\/03\/Banniere_Site002.png 1917w, https:\/\/www.cleanup-earth.com\/wp-content\/uploads\/2025\/03\/Banniere_Site002-300x87.png 300w, https:\/\/www.cleanup-earth.com\/wp-content\/uploads\/2025\/03\/Banniere_Site002-1024x296.png 1024w, https:\/\/www.cleanup-earth.com\/wp-content\/uploads\/2025\/03\/Banniere_Site002-768x222.png 768w, https:\/\/www.cleanup-earth.com\/wp-content\/uploads\/2025\/03\/Banniere_Site002-1536x444.png 1536w\" sizes=\"auto, (max-width: 1917px) 100vw, 1917px\" \/><div class=\"wp-block-cover__inner-container has-global-padding is-layout-constrained wp-container-core-cover-is-layout-16228c39 wp-block-cover-is-layout-constrained\">\n<p class=\"has-text-align-center has-large-font-size\"><\/p>\n<\/div><\/div>\n\n\n\n<div class=\"wp-block-cover alignfull has-custom-content-position is-position-center-right banner-mobile\" style=\"margin-top:0;margin-bottom:0;padding-top:10%;padding-right:var(--wp--preset--spacing--50);padding-bottom:0;padding-left:var(--wp--preset--spacing--50);min-height:417px;aspect-ratio:unset;\"><span aria-hidden=\"true\" class=\"wp-block-cover__background has-contrast-background-color has-background-dim-10 has-background-dim\"><\/span><img loading=\"lazy\" decoding=\"async\" width=\"899\" height=\"899\" class=\"wp-block-cover__image-background wp-image-89\" alt=\"\" src=\"https:\/\/www.cleanup-earth.com\/wp-content\/uploads\/2024\/12\/header-cue-mobile.jpg\" data-object-fit=\"cover\" srcset=\"https:\/\/www.cleanup-earth.com\/wp-content\/uploads\/2024\/12\/header-cue-mobile.jpg 899w, https:\/\/www.cleanup-earth.com\/wp-content\/uploads\/2024\/12\/header-cue-mobile-300x300.jpg 300w, https:\/\/www.cleanup-earth.com\/wp-content\/uploads\/2024\/12\/header-cue-mobile-150x150.jpg 150w, https:\/\/www.cleanup-earth.com\/wp-content\/uploads\/2024\/12\/header-cue-mobile-768x768.jpg 768w\" sizes=\"auto, (max-width: 899px) 100vw, 899px\" \/><div class=\"wp-block-cover__inner-container is-layout-flow wp-block-cover-is-layout-flow\">\n<div class=\"wp-block-group banner-content has-global-padding is-layout-constrained wp-block-group-is-layout-constrained\" style=\"margin-top:40%\">\n<h2 class=\"wp-block-heading has-text-align-center has-base-2-color has-text-color has-link-color has-moga-rezeki-dua-font-family has-xx-large-font-size wp-elements-3b7752d77b6eea81cd191f721c927bc8\">clean up earth<\/h2>\n<\/div>\n<\/div><\/div>\n\n\n\n<div class=\"wp-block-group has-global-padding is-layout-constrained wp-block-group-is-layout-constrained\" style=\"margin-top:var(--wp--preset--spacing--80);margin-bottom:var(--wp--preset--spacing--80)\">\n<h2 class=\"wp-block-heading has-text-align-center has-text-color has-link-color has-moga-rezeki-dua-font-family wp-elements-67ef994f8d567c20d2e7c62fea7454f2\" style=\"color:#62a143;font-size:clamp(1.6rem, 1.6rem + ((1vw - 0.2rem) * 1.833), 2.7rem);font-style:normal;font-weight:700\">Devenez le heros dont notre<br>planete a besoin !<\/h2>\n\n\n\n<p class=\"has-text-align-center is-style-default has-text-color has-link-color has-manrope-font-family wp-elements-1bc6d0ba8178fa59e895e9312f0f1979\" style=\"color:#626161;font-size:clamp(1.039rem, 1.039rem + ((1vw - 0.2rem) * 0.935), 1.6rem);font-style:normal;font-weight:400;line-height:1.4\">Enfilez votre combinaison d&#8217;\u00e9co-aventurier et partez en mission avec votre fid\u00e8le aspirateur technologique ! Dans ce simulateur zen et engageant, redonnez vie aux plus beaux coins de notre plan\u00e8te, un d\u00e9chet \u00e0 la fois.<\/p>\n<\/div>\n\n\n\n<div class=\"wp-block-cover alignfull has-parallax has-custom-content-position is-position-center-left\" style=\"padding-right:var(--wp--preset--spacing--50);padding-left:var(--wp--preset--spacing--50);min-height:500px;aspect-ratio:unset;\"><span aria-hidden=\"true\" class=\"wp-block-cover__background has-background-dim wp-block-cover__gradient-background has-background-gradient\" style=\"background:linear-gradient(60deg,rgb(14,19,2) 0%,rgba(0,0,0,0) 48%)\"><\/span><div class=\"wp-block-cover__image-background wp-image-92 has-parallax\" style=\"background-position:50% 50%;background-image:url(https:\/\/www.cleanup-earth.com\/wp-content\/uploads\/2024\/12\/vacuum-placeholder.jpg)\"><\/div><div class=\"wp-block-cover__inner-container has-global-padding is-layout-constrained wp-container-core-cover-is-layout-e1a24a51 wp-block-cover-is-layout-constrained\">\n<div class=\"wp-block-group has-global-padding is-layout-constrained wp-container-core-group-is-layout-6e25dc87 wp-block-group-is-layout-constrained\" style=\"margin-top:10%;margin-bottom:10%;padding-right:0;padding-left:0%\">\n<p class=\"has-text-align-left has-moga-rezeki-dua-font-family\" style=\"font-size:clamp(1.502rem, 1.502rem + ((1vw - 0.2rem) * 1.663), 2.5rem);font-style:normal;font-weight:700;letter-spacing:2px\">Une aventure cozy a votre rythme&nbsp;!<\/p>\n\n\n\n<p style=\"font-size:clamp(1.039em, 1.039rem + ((1vw - 0.2em) * 0.935), 1.6em);\">Explorez, aspirez et restaurez des environnements magnifiques dans une exp\u00e9rience apaisante qui donne du sens \u00e0 chaque action. Votre aspirateur devient une extension de vous-m\u00eame, transformant le nettoyage en une m\u00e9ditation active o\u00f9 chaque d\u00e9chet collect\u00e9 r\u00e9v\u00e8le un peu plus la beaut\u00e9 naturelle du lieu.<\/p>\n<\/div>\n<\/div><\/div>\n\n\n\n<div class=\"wp-block-cover alignfull has-parallax banner-mobile has-aspect-ratio\" style=\"padding-right:0;padding-left:0;min-height:600px;aspect-ratio:auto;min-height:unset;\"><span aria-hidden=\"true\" class=\"wp-block-cover__background has-background-dim-30 has-background-dim wp-block-cover__gradient-background has-background-gradient\" style=\"background:radial-gradient(rgb(0,0,0) 0%,rgba(0,0,0,0) 100%)\"><\/span><div class=\"wp-block-cover__image-background wp-image-94 has-parallax\" style=\"background-position:50% 50%;background-image:url(https:\/\/www.cleanup-earth.com\/wp-content\/uploads\/2024\/12\/vacuum-placeholder-mobile.jpg)\"><\/div><div class=\"wp-block-cover__inner-container has-global-padding is-layout-constrained wp-container-core-cover-is-layout-520232fb wp-block-cover-is-layout-constrained\">\n<div class=\"wp-block-group banner-content has-global-padding is-layout-constrained wp-block-group-is-layout-constrained\" style=\"margin-top:var(--wp--preset--spacing--60);margin-bottom:var(--wp--preset--spacing--60)\">\n<h2 class=\"wp-block-heading has-text-align-center has-base-2-color has-text-color has-link-color has-moga-rezeki-dua-font-family has-xx-large-font-size wp-elements-2273274130cfd0cd76bf5695a3217874\" style=\"padding-right:var(--wp--preset--spacing--50);padding-left:var(--wp--preset--spacing--50)\">Une aventure cozy a votre rythme&nbsp;!<\/h2>\n\n\n\n<p class=\"has-text-align-center has-base-2-color has-text-color has-link-color has-body-font-family wp-elements-592071d4505ca7816713e6ef92ecd89c\" style=\"padding-right:var(--wp--preset--spacing--50);padding-left:var(--wp--preset--spacing--50);font-size:clamp(1.039em, 1.039rem + ((1vw - 0.2em) * 0.935), 1.6em);font-style:normal;font-weight:500\">Explorez, aspirez et restaurez des environnements magnifiques dans une exp\u00e9rience apaisante qui donne du sens \u00e0 chaque action. Votre aspirateur devient une extension de vous-m\u00eame, transformant le nettoyage en une m\u00e9ditation active o\u00f9 chaque d\u00e9chet collect\u00e9 r\u00e9v\u00e8le un peu plus la beaut\u00e9 naturelle du lieu.<\/p>\n<\/div>\n<\/div><\/div>\n\n\n\n<div class=\"wp-block-cover alignfull has-parallax has-custom-content-position is-position-center-right\" style=\"padding-right:0;padding-left:0\"><span aria-hidden=\"true\" class=\"wp-block-cover__background has-background-dim-30 has-background-dim wp-block-cover__gradient-background has-background-gradient\" style=\"background:linear-gradient(318deg,rgba(0,0,0,0.68) 4%,rgba(0,0,0,0) 66%)\"><\/span><div class=\"wp-block-cover__image-background wp-image-20 has-parallax\" style=\"background-position:50% 50%;background-image:url(https:\/\/www.cleanup-earth.com\/wp-content\/uploads\/2024\/12\/20241206-171926.jpg)\"><\/div><div class=\"wp-block-cover__inner-container has-global-padding is-layout-constrained wp-container-core-cover-is-layout-7db9d80f wp-block-cover-is-layout-constrained\">\n<div class=\"wp-block-group is-layout-flow wp-block-group-is-layout-flow\" style=\"padding-top:10%;padding-right:var(--wp--preset--spacing--30);padding-bottom:10%\">\n<h2 class=\"wp-block-heading has-text-align-right has-moga-rezeki-dua-font-family has-xx-large-font-size\" style=\"font-style:normal;font-weight:700;letter-spacing:2px\">Ensemble, on va<br>plus loin !<\/h2>\n\n\n\n<p class=\"has-text-align-right\" style=\"font-size:clamp(1.039em, 1.039rem + ((1vw - 0.2em) * 0.935), 1.6em);\">Envie de partager l&#8217;aventure ? Rejoignez d&#8217;autres \u00e9co-aventuriers en mode multijoueur ! Coordonnez vos efforts pour nettoyer des zones plus vastes, d\u00e9couvrez des techniques d&#8217;\u00e9quipe uniques et cr\u00e9ez des souvenirs m\u00e9morables dans des paysages \u00e9poustouflants. Le pouvoir de la communaut\u00e9 n&#8217;a jamais \u00e9t\u00e9 aussi satisfaisant !<\/p>\n<\/div>\n<\/div><\/div>\n\n\n\n<div class=\"wp-block-cover alignfull has-parallax banner-mobile\" style=\"padding-right:0;padding-left:0\"><span aria-hidden=\"true\" class=\"wp-block-cover__background has-background-dim-30 has-background-dim wp-block-cover__gradient-background has-background-gradient\" style=\"background:radial-gradient(rgb(0,0,0) 0%,rgba(0,0,0,0) 100%)\"><\/span><div class=\"wp-block-cover__image-background wp-image-108 has-parallax\" style=\"background-position:50% 50%;background-image:url(https:\/\/www.cleanup-earth.com\/wp-content\/uploads\/2024\/12\/banner-multi-mobile.jpg)\"><\/div><div class=\"wp-block-cover__inner-container has-global-padding is-layout-constrained wp-container-core-cover-is-layout-7db9d80f wp-block-cover-is-layout-constrained\">\n<div class=\"wp-block-group banner-content has-global-padding is-layout-constrained wp-block-group-is-layout-constrained\" style=\"margin-top:var(--wp--preset--spacing--60);margin-bottom:var(--wp--preset--spacing--60)\">\n<h2 class=\"wp-block-heading has-text-align-center has-base-2-color has-text-color has-link-color has-moga-rezeki-dua-font-family has-xx-large-font-size wp-elements-07ae7a2f7ccc3663fb36f9d0e2484b9d\" style=\"padding-right:var(--wp--preset--spacing--50);padding-left:var(--wp--preset--spacing--50)\">Ensemble on va plus loin !<\/h2>\n\n\n\n<p class=\"has-text-align-center has-base-2-color has-text-color has-link-color wp-elements-60ed5839b3b5741f1d77543d21c440b8\" style=\"padding-right:var(--wp--preset--spacing--50);padding-left:var(--wp--preset--spacing--50);font-size:clamp(1.039em, 1.039rem + ((1vw - 0.2em) * 0.935), 1.6em);font-style:normal;font-weight:500\">Envie de partager l&#8217;aventure ? Rejoignez d&#8217;autres \u00e9co-aventuriers en mode multijoueur ! Coordonnez vos efforts pour nettoyer des zones plus vastes, d\u00e9couvrez des techniques d&#8217;\u00e9quipe uniques, et cr\u00e9ez des souvenirs m\u00e9morables dans des paysages \u00e9poustouflants. Le pouvoir de la communaut\u00e9 n&#8217;a jamais \u00e9t\u00e9 aussi satisfaisant !<\/p>\n<\/div>\n<\/div><\/div>\n\n\n\n<div class=\"wp-block-cover alignfull has-parallax banner-desktop\" style=\"padding-right:0;padding-left:0\"><span aria-hidden=\"true\" class=\"wp-block-cover__background has-background-dim-30 has-background-dim wp-block-cover__gradient-background has-background-gradient\" style=\"background:radial-gradient(rgb(0,0,0) 0%,rgba(0,0,0,0) 27%)\"><\/span><div class=\"wp-block-cover__image-background wp-image-26 has-parallax\" style=\"background-position:50% 50%;background-image:url(https:\/\/www.cleanup-earth.com\/wp-content\/uploads\/2024\/12\/20241206-172001.jpg)\"><\/div><div class=\"wp-block-cover__inner-container has-global-padding is-layout-constrained wp-container-core-cover-is-layout-7db9d80f wp-block-cover-is-layout-constrained\">\n<div class=\"wp-block-group has-global-padding is-content-justification-center is-layout-constrained wp-block-group-is-layout-constrained\" style=\"margin-top:var(--wp--preset--spacing--60);margin-bottom:var(--wp--preset--spacing--60)\">\n<h2 class=\"wp-block-heading has-text-align-center has-base-2-color has-text-color has-link-color has-moga-rezeki-dua-font-family has-xx-large-font-size wp-elements-be1f37813607a73f02e68d84b49bfc72\" style=\"font-style:normal;font-weight:700\">Un mode de decouvertes !<\/h2>\n\n\n\n<p class=\"has-text-align-center\" style=\"font-size:clamp(1.039em, 1.039rem + ((1vw - 0.2em) * 0.935), 1.6em);\">Des plages paradisiaques aux for\u00eats myst\u00e9rieuses, chaque environnement cache ses propres secrets. Explorez des lieux dissimul\u00e9s, d\u00e9bloquez des am\u00e9liorations pour votre aspirateur et laissez-vous porter par une bande-son relaxante qui accompagne parfaitement vos sessions de nettoyage zen.<\/p>\n<\/div>\n<\/div><\/div>\n\n\n\n<div class=\"wp-block-cover alignfull has-parallax banner-mobile\" style=\"padding-right:0;padding-left:0\"><span aria-hidden=\"true\" class=\"wp-block-cover__background has-background-dim-30 has-background-dim wp-block-cover__gradient-background has-background-gradient\" style=\"background:radial-gradient(rgb(0,0,0) 0%,rgba(0,0,0,0) 100%)\"><\/span><div class=\"wp-block-cover__image-background wp-image-102 has-parallax\" style=\"background-position:50% 50%;background-image:url(https:\/\/www.cleanup-earth.com\/wp-content\/uploads\/2024\/12\/banner-decouvertes-mobile.jpg)\"><\/div><div class=\"wp-block-cover__inner-container has-global-padding is-layout-constrained wp-container-core-cover-is-layout-7db9d80f wp-block-cover-is-layout-constrained\">\n<div class=\"wp-block-group banner-content has-global-padding is-layout-constrained wp-block-group-is-layout-constrained\" style=\"margin-top:var(--wp--preset--spacing--60);margin-bottom:var(--wp--preset--spacing--60)\">\n<h2 class=\"wp-block-heading has-text-align-center has-base-2-color has-text-color has-link-color has-moga-rezeki-dua-font-family has-xx-large-font-size wp-elements-be1f37813607a73f02e68d84b49bfc72\" style=\"font-style:normal;font-weight:700\">Un mode de decouvertes !<\/h2>\n\n\n\n<p class=\"has-text-align-center text-align\" style=\"padding-right:var(--wp--preset--spacing--50);padding-left:var(--wp--preset--spacing--50);font-size:clamp(1.039em, 1.039rem + ((1vw - 0.2em) * 0.935), 1.6em);font-style:normal;font-weight:500\">Des plages paradisiaques aux for\u00eats myst\u00e9rieuses, chaque environnement cache ses propres secrets. Explorez des lieux dissimul\u00e9s, d\u00e9bloquez des am\u00e9liorations pour votre aspirateur et laissez-vous porter par une bande-son relaxante qui accompagne parfaitement vos sessions de nettoyage zen.<\/p>\n<\/div>\n<\/div><\/div>\n\n\n\n<div class=\"wp-block-group alignfull has-background is-vertical is-content-justification-center is-layout-flex wp-container-core-group-is-layout-838cd1cc wp-block-group-is-layout-flex\" style=\"background:linear-gradient(180deg,rgb(76,129,43) 0%,rgb(131,191,70) 100%);padding-top:var(--wp--preset--spacing--40);padding-bottom:var(--wp--preset--spacing--50)\"><div class=\"wp-block-site-logo\"><a href=\"https:\/\/www.cleanup-earth.com\/en\/\" class=\"custom-logo-link\" rel=\"home\"><img loading=\"lazy\" decoding=\"async\" width=\"197\" height=\"98\" src=\"https:\/\/www.cleanup-earth.com\/wp-content\/uploads\/2025\/02\/CUE-logo.png\" class=\"custom-logo\" alt=\"Clean Up Earth\" srcset=\"https:\/\/www.cleanup-earth.com\/wp-content\/uploads\/2025\/02\/CUE-logo.png 4096w, https:\/\/www.cleanup-earth.com\/wp-content\/uploads\/2025\/02\/CUE-logo-300x150.png 300w, https:\/\/www.cleanup-earth.com\/wp-content\/uploads\/2025\/02\/CUE-logo-1024x512.png 1024w, https:\/\/www.cleanup-earth.com\/wp-content\/uploads\/2025\/02\/CUE-logo-768x384.png 768w, https:\/\/www.cleanup-earth.com\/wp-content\/uploads\/2025\/02\/CUE-logo-1536x768.png 1536w, https:\/\/www.cleanup-earth.com\/wp-content\/uploads\/2025\/02\/CUE-logo-2048x1024.png 2048w\" sizes=\"auto, (max-width: 197px) 100vw, 197px\" \/><\/a><\/div>\n\n\n<p class=\"has-text-align-center has-secondary-color has-text-color has-link-color has-small-font-size wp-elements-6204cb646a06940b8f6faa9d0541fb34\">D\u00e9velopp\u00e9 par <a href=\"https:\/\/www.magicpockets.org\/\" data-type=\"link\" data-id=\"https:\/\/www.magicpockets.org\/\">MAGIC POCKETS<\/a><\/p>\n<\/div>\n\n\n\n<p><\/p>\n","protected":false},"excerpt":{"rendered":"<p>Devenez le heros dont notreplanete a besoin ! Enfilez votre combinaison d&#8217;\u00e9co-aventurier et partez en mission avec votre fid\u00e8le aspirateur technologique ! Dans ce simulateur zen et engageant, redonnez vie aux plus beaux coins de notre plan\u00e8te, un d\u00e9chet \u00e0 la fois. D\u00e9velopp\u00e9 par MAGIC POCKETS<\/p>\n","protected":false},"author":1,"featured_media":0,"parent":0,"menu_order":0,"comment_status":"closed","ping_status":"closed","template":"","meta":{"footnotes":""},"class_list":["post-142","page","type-page","status-publish","hentry"],"_links":{"self":[{"href":"https:\/\/www.cleanup-earth.com\/en\/wp-json\/wp\/v2\/pages\/142","targetHints":{"allow":["GET"]}}],"collection":[{"href":"https:\/\/www.cleanup-earth.com\/en\/wp-json\/wp\/v2\/pages"}],"about":[{"href":"https:\/\/www.cleanup-earth.com\/en\/wp-json\/wp\/v2\/types\/page"}],"author":[{"embeddable":true,"href":"https:\/\/www.cleanup-earth.com\/en\/wp-json\/wp\/v2\/users\/1"}],"replies":[{"embeddable":true,"href":"https:\/\/www.cleanup-earth.com\/en\/wp-json\/wp\/v2\/comments?post=142"}],"version-history":[{"count":4,"href":"https:\/\/www.cleanup-earth.com\/en\/wp-json\/wp\/v2\/pages\/142\/revisions"}],"predecessor-version":[{"id":211,"href":"https:\/\/www.cleanup-earth.com\/en\/wp-json\/wp\/v2\/pages\/142\/revisions\/211"}],"wp:attachment":[{"href":"https:\/\/www.cleanup-earth.com\/en\/wp-json\/wp\/v2\/media?parent=142"}],"curies":[{"name":"wp","href":"https:\/\/api.w.org\/{rel}","templated":true}]}}